{"id":3,"date":"2023-03-16T18:20:10","date_gmt":"2023-03-16T18:20:10","guid":{"rendered":"https:\/\/aldevconstruction.com\/?page_id=3"},"modified":"2025-09-09T22:40:19","modified_gmt":"2025-09-09T22:40:19","slug":"politique-de-confidentialite","status":"publish","type":"page","link":"https:\/\/aldevconstruction.com\/?page_id=3","title":{"rendered":"Politique de confidentialit\u00e9"},"content":{"rendered":"\t\t<div data-elementor-type=\"wp-page\" data-elementor-id=\"3\" class=\"elementor elementor-3\" data-elementor-post-type=\"page\">\n\t\t\t\t\t\t<section class=\"elementor-section elementor-top-section elementor-element elementor-element-0b78404 elementor-section-height-min-height elementor-section-items-top elementor-section-boxed elementor-section-height-default\" data-id=\"0b78404\" data-element_type=\"section\" data-e-type=\"section\">\n\t\t\t\t\t\t<div class=\"elementor-container elementor-column-gap-default\">\n\t\t\t\t\t<div class=\"elementor-column elementor-col-50 elementor-top-column elementor-element elementor-element-ae2e894\" data-id=\"ae2e894\" data-element_type=\"column\" data-e-type=\"column\">\n\t\t\t<div class=\"elementor-widget-wrap elementor-element-populated\">\n\t\t\t\t\t\t<section class=\"elementor-section elementor-inner-section elementor-element elementor-element-438d916 elementor-section-boxed elementor-section-height-default elementor-section-height-default\" data-id=\"438d916\" data-element_type=\"section\" data-e-type=\"section\">\n\t\t\t\t\t\t<div class=\"elementor-container elementor-column-gap-default\">\n\t\t\t\t\t<div class=\"elementor-column elementor-col-100 elementor-inner-column elementor-element elementor-element-700dca1 elementor-invisible\" data-id=\"700dca1\" data-element_type=\"column\" data-e-type=\"column\" data-settings=\"{&quot;animation&quot;:&quot;fadeInLeft&quot;}\">\n\t\t\t<div class=\"elementor-widget-wrap elementor-element-populated\">\n\t\t\t\t\t\t<div class=\"elementor-element elementor-element-da96ff7 elementor-widget elementor-widget-heading\" data-id=\"da96ff7\" data-element_type=\"widget\" data-e-type=\"widget\" data-widget_type=\"heading.default\">\n\t\t\t\t<div class=\"elementor-widget-container\">\n\t\t\t\t\t<h1 class=\"elementor-heading-title elementor-size-default\">Politique de confidentialit\u00e9<\/h1>\t\t\t\t<\/div>\n\t\t\t\t<\/div>\n\t\t\t\t<div class=\"elementor-element elementor-element-aca0b57 elementor-widget elementor-widget-heading\" data-id=\"aca0b57\" data-element_type=\"widget\" data-e-type=\"widget\" data-widget_type=\"heading.default\">\n\t\t\t\t<div class=\"elementor-widget-container\">\n\t\t\t\t\t<h3 class=\"elementor-heading-title elementor-size-default\">Construction Aldev 360 inc.<\/h3>\t\t\t\t<\/div>\n\t\t\t\t<\/div>\n\t\t\t\t<div class=\"elementor-element elementor-element-51bfba9 elementor-widget elementor-widget-text-editor\" data-id=\"51bfba9\" data-element_type=\"widget\" data-e-type=\"widget\" data-widget_type=\"text-editor.default\">\n\t\t\t\t<div class=\"elementor-widget-container\">\n\t\t\t\t\t\t\t\t\t<div class=\"page\" title=\"Page 1\"><div class=\"section\"><div class=\"layoutArea\"><div class=\"column\"><p>Chez\u00a0<b>Construction Aldev 360 inc.<\/b>, nous accordons une grande importance \u00e0 la protection de vos renseignements personnels. Cette politique explique de fa\u00e7on transparente comment nous recueillons, utilisons, communiquons et prot\u00e9geons vos donn\u00e9es, conform\u00e9ment \u00e0 la Loi sur la protection des renseignements personnels dans le secteur priv\u00e9 (Qu\u00e9bec, Loi 25) et \u00e0 la Loi sur la protection des renseignements personnels et les documents \u00e9lectroniques (Canada, LPRPDE).<\/p><p>Derni\u00e8re mise \u00e0 jour : 2025-09-9<\/p><\/div><\/div><\/div><\/div>\t\t\t\t\t\t\t\t<\/div>\n\t\t\t\t<\/div>\n\t\t\t\t\t<\/div>\n\t\t<\/div>\n\t\t\t\t\t<\/div>\n\t\t<\/section>\n\t\t\t\t<section class=\"elementor-section elementor-inner-section elementor-element elementor-element-24b4e91 elementor-section-boxed elementor-section-height-default elementor-section-height-default\" data-id=\"24b4e91\" data-element_type=\"section\" data-e-type=\"section\">\n\t\t\t\t\t\t<div class=\"elementor-container elementor-column-gap-default\">\n\t\t\t\t\t<div class=\"elementor-column elementor-col-50 elementor-inner-column elementor-element elementor-element-c1357ae\" data-id=\"c1357ae\" data-element_type=\"column\" data-e-type=\"column\">\n\t\t\t<div class=\"elementor-widget-wrap elementor-element-populated\">\n\t\t\t\t\t\t<div class=\"elementor-element elementor-element-f6db361 elementor-widget elementor-widget-image\" data-id=\"f6db361\" data-element_type=\"widget\" data-e-type=\"widget\" data-settings=\"{&quot;motion_fx_motion_fx_scrolling&quot;:&quot;yes&quot;,&quot;motion_fx_translateX_effect&quot;:&quot;yes&quot;,&quot;motion_fx_translateX_direction&quot;:&quot;negative&quot;,&quot;motion_fx_translateX_affectedRange&quot;:{&quot;unit&quot;:&quot;%&quot;,&quot;size&quot;:&quot;&quot;,&quot;sizes&quot;:{&quot;start&quot;:11,&quot;end&quot;:50}},&quot;motion_fx_translateX_speed&quot;:{&quot;unit&quot;:&quot;px&quot;,&quot;size&quot;:4,&quot;sizes&quot;:[]},&quot;motion_fx_devices&quot;:[&quot;desktop&quot;,&quot;tablet&quot;,&quot;mobile&quot;]}\" data-widget_type=\"image.default\">\n\t\t\t\t<div class=\"elementor-widget-container\">\n\t\t\t\t\t\t\t\t\t\t\t\t\t\t\t<img decoding=\"async\" width=\"220\" height=\"29\" src=\"https:\/\/aldevconstruction.com\/wp-content\/uploads\/2023\/03\/aldevinc-construction-renovation-maison-drapeau-italie-bandeau.jpg\" class=\"attachment-large size-large wp-image-421\" alt=\"\" \/>\t\t\t\t\t\t\t\t\t\t\t\t\t\t\t<\/div>\n\t\t\t\t<\/div>\n\t\t\t\t\t<\/div>\n\t\t<\/div>\n\t\t\t\t<div class=\"elementor-column elementor-col-50 elementor-inner-column elementor-element elementor-element-e974665\" data-id=\"e974665\" data-element_type=\"column\" data-e-type=\"column\">\n\t\t\t<div class=\"elementor-widget-wrap\">\n\t\t\t\t\t\t\t<\/div>\n\t\t<\/div>\n\t\t\t\t\t<\/div>\n\t\t<\/section>\n\t\t\t\t\t<\/div>\n\t\t<\/div>\n\t\t\t\t<div class=\"elementor-column elementor-col-50 elementor-top-column elementor-element elementor-element-ef071fa elementor-invisible\" data-id=\"ef071fa\" data-element_type=\"column\" data-e-type=\"column\" data-settings=\"{&quot;animation&quot;:&quot;fadeInRight&quot;}\">\n\t\t\t<div class=\"elementor-widget-wrap elementor-element-populated\">\n\t\t\t\t\t\t<section class=\"elementor-section elementor-inner-section elementor-element elementor-element-3f5acc0 elementor-section-boxed elementor-section-height-default elementor-section-height-default\" data-id=\"3f5acc0\" data-element_type=\"section\" data-e-type=\"section\">\n\t\t\t\t\t\t<div class=\"elementor-container elementor-column-gap-default\">\n\t\t\t\t\t<div class=\"elementor-column elementor-col-100 elementor-inner-column elementor-element elementor-element-746c6f6\" data-id=\"746c6f6\" data-element_type=\"column\" data-e-type=\"column\">\n\t\t\t<div class=\"elementor-widget-wrap elementor-element-populated\">\n\t\t\t\t\t\t<div class=\"elementor-element elementor-element-efa0c72 elementor-widget elementor-widget-text-editor\" data-id=\"efa0c72\" data-element_type=\"widget\" data-e-type=\"widget\" data-widget_type=\"text-editor.default\">\n\t\t\t\t<div class=\"elementor-widget-container\">\n\t\t\t\t\t\t\t\t\t<div class=\"page\" title=\"Page 1\"><div class=\"section\"><div class=\"layoutArea\"><div class=\"column\"><h6><b>1. Collecte des renseignements personnels<\/b><\/h6><p>Nous pouvons recueillir les renseignements suivants lorsque vous utilisez notre site web ou nos services :<\/p><ul><li>Nom, pr\u00e9nom<\/li><li>Coordonn\u00e9es (adresse, t\u00e9l\u00e9phone, courriel)<\/li><li>Informations relatives \u00e0 votre projet de construction ou demande de soumission<\/li><li>Donn\u00e9es de navigation (adresse IP, type d\u2019appareil, pages visit\u00e9es, t\u00e9moins\/cookies)<\/li><\/ul><p>Ces renseignements sont collect\u00e9s uniquement lorsque n\u00e9cessaires, par exemple via nos formulaires de contact, demandes de soumission ou outils d\u2019analyse web.<\/p><h6><b>2. Utilisation des renseignements<\/b><\/h6><p>Nous utilisons vos renseignements personnels uniquement pour les fins suivantes :<\/p><ul><li>R\u00e9pondre \u00e0 vos demandes et vous fournir nos services<\/li><li>Pr\u00e9parer et g\u00e9rer des soumissions et contrats<\/li><li>Am\u00e9liorer l\u2019exp\u00e9rience utilisateur sur notre site<\/li><li>Respecter nos obligations l\u00e9gales et r\u00e9glementaires<\/li><\/ul><h6><b>3. T\u00e9moins (cookies) et technologies similaires<\/b><\/h6><p>Notre site utilise des t\u00e9moins (cookies) afin d\u2019am\u00e9liorer la navigation, analyser le trafic et personnaliser l\u2019exp\u00e9rience utilisateur.<br \/>Vous pouvez g\u00e9rer vos pr\u00e9f\u00e9rences de t\u00e9moins directement via l\u2019outil de gestion (Complianz) disponible sur notre site.<\/p><h6><b>4. Communication des renseignements<\/b><\/h6><p>Nous ne partageons pas vos renseignements personnels avec des tiers, sauf :<\/p><ul><li>Lorsque requis par la loi<\/li><li>Avec nos partenaires et fournisseurs de services, uniquement lorsque n\u00e9cessaire \u00e0 la prestation de nos services (ex. h\u00e9bergement web, outils de gestion)<br \/>Ces tiers sont li\u00e9s par des obligations de confidentialit\u00e9.<\/li><\/ul><h6><b>5. Conservation et protection<\/b><\/h6><p>Vos renseignements personnels sont conserv\u00e9s uniquement pour la dur\u00e9e n\u00e9cessaire aux fins d\u00e9crites ci-dessus.<br \/>Nous appliquons des mesures de s\u00e9curit\u00e9 techniques et organisationnelles afin de prot\u00e9ger vos donn\u00e9es contre l\u2019acc\u00e8s, la divulgation ou l\u2019utilisation non autoris\u00e9e.<\/p><h6><b>6. Vos droits<\/b><\/h6><p>En vertu de la Loi 25 et de la LPRPDE, vous disposez des droits suivants :<\/p><ul><li>Acc\u00e9der \u00e0 vos renseignements personnels<\/li><li>Demander leur rectification<\/li><li>Retirer votre consentement \u00e0 l\u2019utilisation ou \u00e0 la communication de vos donn\u00e9es<\/li><li>Demander la suppression de vos renseignements, sous r\u00e9serve de nos obligations l\u00e9gales<\/li><\/ul><p>Pour exercer vos droits, veuillez communiquer avec notre responsable de la protection des renseignements personnels (voir section 7).<\/p><h6><b>7. Responsable de la protection des renseignements personnels<\/b><\/h6><p><b>Construction Aldev 360 inc.<\/b>\u00a0a d\u00e9sign\u00e9 un responsable de la protection des renseignements personnels :<\/p><p>Responsable : David Pepe<br \/>Courriel : info@aldevconstruc1on.com <br \/>T\u00e9l\u00e9phone : 514-996-5549<br \/>Adresse : 8960 Rue Jean Marie Lefebvre QC, H1R 3M8<\/p><h6><b>8. Modifications \u00e0 cette politique<\/b><\/h6><p>Cette politique peut \u00eatre mise \u00e0 jour afin de refl\u00e9ter les changements l\u00e9gislatifs ou organisationnels. La version la plus r\u00e9cente est toujours disponible sur notre site web.<\/p><\/div><\/div><\/div><\/div>\t\t\t\t\t\t\t\t<\/div>\n\t\t\t\t<\/div>\n\t\t\t\t\t<\/div>\n\t\t<\/div>\n\t\t\t\t\t<\/div>\n\t\t<\/section>\n\t\t\t\t\t<\/div>\n\t\t<\/div>\n\t\t\t\t\t<\/div>\n\t\t<\/section>\n\t\t\t\t<\/div>\n\t\t","protected":false},"excerpt":{"rendered":"<p>Politique de confidentialit\u00e9 Construction Aldev 360 inc. Chez\u00a0Construction Aldev 360 inc., nous accordons une grande importance \u00e0 la protection de vos renseignements personnels. Cette politique explique de fa\u00e7on transparente comment nous recueillons, utilisons, communiquons et prot\u00e9geons vos donn\u00e9es, conform\u00e9ment \u00e0 la Loi sur la protection des renseignements personnels dans le secteur priv\u00e9 (Qu\u00e9bec, Loi 25) [&hellip;]<\/p>\n","protected":false},"author":1,"featured_media":0,"parent":0,"menu_order":0,"comment_status":"closed","ping_status":"closed","template":"","meta":{"footnotes":""},"class_list":["post-3","page","type-page","status-publish","hentry"],"yoast_head":"<!-- This site is optimized with the Yoast SEO Premium plugin v25.9 (Yoast SEO v27.3) - https:\/\/yoast.com\/product\/yoast-seo-premium-wordpress\/ -->\n<title>Politique de confidentialit\u00e9 - Aldev Construction<\/title>\n<meta name=\"description\" content=\"Pour un projet de construction ou r\u00e9novation r\u00e9sidentiel, commercial ou industriel, misez \u00e0 la fois sur l\u2019expertise et l\u2019exp\u00e9rience. Voyez pourquoi.\" \/>\n<meta name=\"robots\" content=\"index, follow, max-snippet:-1, max-image-preview:large, max-video-preview:-1\" \/>\n<link rel=\"canonical\" href=\"https:\/\/aldevconstruction.com\/?page_id=3\" \/>\n<meta property=\"og:locale\" content=\"fr_FR\" \/>\n<meta property=\"og:type\" content=\"article\" \/>\n<meta property=\"og:title\" content=\"Politique de confidentialit\u00e9 | Entrepreneur r\u00e9sidentiel, commercial et industriel\" \/>\n<meta property=\"og:description\" content=\"Pour un projet de construction ou r\u00e9novation r\u00e9sidentiel, commercial ou industriel, misez \u00e0 la fois sur l\u2019expertise et l\u2019exp\u00e9rience.\" \/>\n<meta property=\"og:url\" content=\"https:\/\/aldevconstruction.com\/?page_id=3\" \/>\n<meta property=\"og:site_name\" content=\"Aldev Construction\" \/>\n<meta property=\"article:modified_time\" content=\"2025-09-09T22:40:19+00:00\" \/>\n<meta property=\"og:image\" content=\"https:\/\/aldevconstruction.com\/wp-content\/uploads\/2023\/03\/aldevinc-construction-renovation-maison-drapeau-italie-bandeau.jpg\" \/>\n\t<meta property=\"og:image:width\" content=\"220\" \/>\n\t<meta property=\"og:image:height\" content=\"29\" \/>\n\t<meta property=\"og:image:type\" content=\"image\/jpeg\" \/>\n<meta name=\"twitter:card\" content=\"summary_large_image\" \/>\n<meta name=\"twitter:label1\" content=\"Dur\u00e9e de lecture estim\u00e9e\" \/>\n\t<meta name=\"twitter:data1\" content=\"3 minutes\" \/>\n<script type=\"application\/ld+json\" class=\"yoast-schema-graph\">{\"@context\":\"https:\\\/\\\/schema.org\",\"@graph\":[{\"@type\":\"WebPage\",\"@id\":\"https:\\\/\\\/aldevconstruction.com\\\/?page_id=3\",\"url\":\"https:\\\/\\\/aldevconstruction.com\\\/?page_id=3\",\"name\":\"Politique de confidentialit\u00e9 - Aldev Construction\",\"isPartOf\":{\"@id\":\"https:\\\/\\\/aldevconstruction.com\\\/#website\"},\"primaryImageOfPage\":{\"@id\":\"https:\\\/\\\/aldevconstruction.com\\\/?page_id=3#primaryimage\"},\"image\":{\"@id\":\"https:\\\/\\\/aldevconstruction.com\\\/?page_id=3#primaryimage\"},\"thumbnailUrl\":\"https:\\\/\\\/aldevconstruction.com\\\/wp-content\\\/uploads\\\/2023\\\/03\\\/aldevinc-construction-renovation-maison-drapeau-italie-bandeau.jpg\",\"datePublished\":\"2023-03-16T18:20:10+00:00\",\"dateModified\":\"2025-09-09T22:40:19+00:00\",\"description\":\"Pour un projet de construction ou r\u00e9novation r\u00e9sidentiel, commercial ou industriel, misez \u00e0 la fois sur l\u2019expertise et l\u2019exp\u00e9rience. Voyez pourquoi.\",\"breadcrumb\":{\"@id\":\"https:\\\/\\\/aldevconstruction.com\\\/?page_id=3#breadcrumb\"},\"inLanguage\":\"fr-FR\",\"potentialAction\":[{\"@type\":\"ReadAction\",\"target\":[\"https:\\\/\\\/aldevconstruction.com\\\/?page_id=3\"]}]},{\"@type\":\"ImageObject\",\"inLanguage\":\"fr-FR\",\"@id\":\"https:\\\/\\\/aldevconstruction.com\\\/?page_id=3#primaryimage\",\"url\":\"https:\\\/\\\/aldevconstruction.com\\\/wp-content\\\/uploads\\\/2023\\\/03\\\/aldevinc-construction-renovation-maison-drapeau-italie-bandeau.jpg\",\"contentUrl\":\"https:\\\/\\\/aldevconstruction.com\\\/wp-content\\\/uploads\\\/2023\\\/03\\\/aldevinc-construction-renovation-maison-drapeau-italie-bandeau.jpg\",\"width\":220,\"height\":29},{\"@type\":\"BreadcrumbList\",\"@id\":\"https:\\\/\\\/aldevconstruction.com\\\/?page_id=3#breadcrumb\",\"itemListElement\":[{\"@type\":\"ListItem\",\"position\":1,\"name\":\"Accueil\",\"item\":\"https:\\\/\\\/aldevconstruction.com\\\/\"},{\"@type\":\"ListItem\",\"position\":2,\"name\":\"Politique de confidentialit\u00e9\"}]},{\"@type\":\"WebSite\",\"@id\":\"https:\\\/\\\/aldevconstruction.com\\\/#website\",\"url\":\"https:\\\/\\\/aldevconstruction.com\\\/\",\"name\":\"Aldev Construction\",\"description\":\"Aldev | Entrepreneur r\u00e9sidentiel, commercial et industriel\",\"publisher\":{\"@id\":\"https:\\\/\\\/aldevconstruction.com\\\/#organization\"},\"alternateName\":\"Aldev\",\"potentialAction\":[{\"@type\":\"SearchAction\",\"target\":{\"@type\":\"EntryPoint\",\"urlTemplate\":\"https:\\\/\\\/aldevconstruction.com\\\/?s={search_term_string}\"},\"query-input\":{\"@type\":\"PropertyValueSpecification\",\"valueRequired\":true,\"valueName\":\"search_term_string\"}}],\"inLanguage\":\"fr-FR\"},{\"@type\":\"Organization\",\"@id\":\"https:\\\/\\\/aldevconstruction.com\\\/#organization\",\"name\":\"Aldev Construction\",\"alternateName\":\"Aldev\",\"url\":\"https:\\\/\\\/aldevconstruction.com\\\/\",\"logo\":{\"@type\":\"ImageObject\",\"inLanguage\":\"fr-FR\",\"@id\":\"https:\\\/\\\/aldevconstruction.com\\\/#\\\/schema\\\/logo\\\/image\\\/\",\"url\":\"https:\\\/\\\/aldevconstruction.com\\\/wp-content\\\/uploads\\\/2023\\\/03\\\/aldev-construction-renovation-02.png\",\"contentUrl\":\"https:\\\/\\\/aldevconstruction.com\\\/wp-content\\\/uploads\\\/2023\\\/03\\\/aldev-construction-renovation-02.png\",\"width\":1244,\"height\":1329,\"caption\":\"Aldev Construction\"},\"image\":{\"@id\":\"https:\\\/\\\/aldevconstruction.com\\\/#\\\/schema\\\/logo\\\/image\\\/\"},\"sameAs\":[\"https:\\\/\\\/www.instagram.com\\\/aldevconstruction\\\/\"]}]}<\/script>\n<!-- \/ Yoast SEO Premium plugin. -->","yoast_head_json":{"title":"Politique de confidentialit\u00e9 - Aldev Construction","description":"Pour un projet de construction ou r\u00e9novation r\u00e9sidentiel, commercial ou industriel, misez \u00e0 la fois sur l\u2019expertise et l\u2019exp\u00e9rience. Voyez pourquoi.","robots":{"index":"index","follow":"follow","max-snippet":"max-snippet:-1","max-image-preview":"max-image-preview:large","max-video-preview":"max-video-preview:-1"},"canonical":"https:\/\/aldevconstruction.com\/?page_id=3","og_locale":"fr_FR","og_type":"article","og_title":"Politique de confidentialit\u00e9 | Entrepreneur r\u00e9sidentiel, commercial et industriel","og_description":"Pour un projet de construction ou r\u00e9novation r\u00e9sidentiel, commercial ou industriel, misez \u00e0 la fois sur l\u2019expertise et l\u2019exp\u00e9rience.","og_url":"https:\/\/aldevconstruction.com\/?page_id=3","og_site_name":"Aldev Construction","article_modified_time":"2025-09-09T22:40:19+00:00","og_image":[{"width":220,"height":29,"url":"https:\/\/aldevconstruction.com\/wp-content\/uploads\/2023\/03\/aldevinc-construction-renovation-maison-drapeau-italie-bandeau.jpg","type":"image\/jpeg"}],"twitter_card":"summary_large_image","twitter_misc":{"Dur\u00e9e de lecture estim\u00e9e":"3 minutes"},"schema":{"@context":"https:\/\/schema.org","@graph":[{"@type":"WebPage","@id":"https:\/\/aldevconstruction.com\/?page_id=3","url":"https:\/\/aldevconstruction.com\/?page_id=3","name":"Politique de confidentialit\u00e9 - Aldev Construction","isPartOf":{"@id":"https:\/\/aldevconstruction.com\/#website"},"primaryImageOfPage":{"@id":"https:\/\/aldevconstruction.com\/?page_id=3#primaryimage"},"image":{"@id":"https:\/\/aldevconstruction.com\/?page_id=3#primaryimage"},"thumbnailUrl":"https:\/\/aldevconstruction.com\/wp-content\/uploads\/2023\/03\/aldevinc-construction-renovation-maison-drapeau-italie-bandeau.jpg","datePublished":"2023-03-16T18:20:10+00:00","dateModified":"2025-09-09T22:40:19+00:00","description":"Pour un projet de construction ou r\u00e9novation r\u00e9sidentiel, commercial ou industriel, misez \u00e0 la fois sur l\u2019expertise et l\u2019exp\u00e9rience. Voyez pourquoi.","breadcrumb":{"@id":"https:\/\/aldevconstruction.com\/?page_id=3#breadcrumb"},"inLanguage":"fr-FR","potentialAction":[{"@type":"ReadAction","target":["https:\/\/aldevconstruction.com\/?page_id=3"]}]},{"@type":"ImageObject","inLanguage":"fr-FR","@id":"https:\/\/aldevconstruction.com\/?page_id=3#primaryimage","url":"https:\/\/aldevconstruction.com\/wp-content\/uploads\/2023\/03\/aldevinc-construction-renovation-maison-drapeau-italie-bandeau.jpg","contentUrl":"https:\/\/aldevconstruction.com\/wp-content\/uploads\/2023\/03\/aldevinc-construction-renovation-maison-drapeau-italie-bandeau.jpg","width":220,"height":29},{"@type":"BreadcrumbList","@id":"https:\/\/aldevconstruction.com\/?page_id=3#breadcrumb","itemListElement":[{"@type":"ListItem","position":1,"name":"Accueil","item":"https:\/\/aldevconstruction.com\/"},{"@type":"ListItem","position":2,"name":"Politique de confidentialit\u00e9"}]},{"@type":"WebSite","@id":"https:\/\/aldevconstruction.com\/#website","url":"https:\/\/aldevconstruction.com\/","name":"Aldev Construction","description":"Aldev | Entrepreneur r\u00e9sidentiel, commercial et industriel","publisher":{"@id":"https:\/\/aldevconstruction.com\/#organization"},"alternateName":"Aldev","potentialAction":[{"@type":"SearchAction","target":{"@type":"EntryPoint","urlTemplate":"https:\/\/aldevconstruction.com\/?s={search_term_string}"},"query-input":{"@type":"PropertyValueSpecification","valueRequired":true,"valueName":"search_term_string"}}],"inLanguage":"fr-FR"},{"@type":"Organization","@id":"https:\/\/aldevconstruction.com\/#organization","name":"Aldev Construction","alternateName":"Aldev","url":"https:\/\/aldevconstruction.com\/","logo":{"@type":"ImageObject","inLanguage":"fr-FR","@id":"https:\/\/aldevconstruction.com\/#\/schema\/logo\/image\/","url":"https:\/\/aldevconstruction.com\/wp-content\/uploads\/2023\/03\/aldev-construction-renovation-02.png","contentUrl":"https:\/\/aldevconstruction.com\/wp-content\/uploads\/2023\/03\/aldev-construction-renovation-02.png","width":1244,"height":1329,"caption":"Aldev Construction"},"image":{"@id":"https:\/\/aldevconstruction.com\/#\/schema\/logo\/image\/"},"sameAs":["https:\/\/www.instagram.com\/aldevconstruction\/"]}]}},"_links":{"self":[{"href":"https:\/\/aldevconstruction.com\/index.php?rest_route=\/wp\/v2\/pages\/3","targetHints":{"allow":["GET"]}}],"collection":[{"href":"https:\/\/aldevconstruction.com\/index.php?rest_route=\/wp\/v2\/pages"}],"about":[{"href":"https:\/\/aldevconstruction.com\/index.php?rest_route=\/wp\/v2\/types\/page"}],"author":[{"embeddable":true,"href":"https:\/\/aldevconstruction.com\/index.php?rest_route=\/wp\/v2\/users\/1"}],"replies":[{"embeddable":true,"href":"https:\/\/aldevconstruction.com\/index.php?rest_route=%2Fwp%2Fv2%2Fcomments&post=3"}],"version-history":[{"count":53,"href":"https:\/\/aldevconstruction.com\/index.php?rest_route=\/wp\/v2\/pages\/3\/revisions"}],"predecessor-version":[{"id":1633,"href":"https:\/\/aldevconstruction.com\/index.php?rest_route=\/wp\/v2\/pages\/3\/revisions\/1633"}],"wp:attachment":[{"href":"https:\/\/aldevconstruction.com\/index.php?rest_route=%2Fwp%2Fv2%2Fmedia&parent=3"}],"curies":[{"name":"wp","href":"https:\/\/api.w.org\/{rel}","templated":true}]}}